{"id":16,"date":"2025-05-15T09:28:15","date_gmt":"2025-05-15T07:28:15","guid":{"rendered":"https:\/\/ouestsysteme.com\/?page_id=16"},"modified":"2025-05-15T11:59:21","modified_gmt":"2025-05-15T09:59:21","slug":"a-propos","status":"publish","type":"page","link":"https:\/\/ouestsysteme.com\/index.php\/a-propos\/","title":{"rendered":"A propos"},"content":{"rendered":"\n<h1 class=\"wp-block-heading has-text-align-center\">A propos<\/h1>\n\n\n\n<h4 class=\"wp-block-heading has-source-serif-pro-font-family\">Historique de l&rsquo;entreprise<\/h4>\n\n\n\n<p class=\"has-source-serif-pro-font-family\">L&rsquo;entreprise Ouest Systeme a vu le jour en Septembre 2016, fruit de l&rsquo;esprit visionnaire de Nicolas Seneret, un entrepreneur passionn\u00e9 par le potentiel transformateur de la technologie. Au fil des ann\u00e9es, Ouest Systeme a su \u00e9voluer avec le paysage technologique en constante mutation. Cette agilit\u00e9, combin\u00e9e \u00e0 une solide culture d&rsquo;entreprise ax\u00e9e sur l&rsquo;\u00e9coute et la collaboration, nous a permis de construire des relations durables avec nos clients et de nous \u00e9tablir comme un acteur de confiance dans notre secteur. Notre histoire est celle d&rsquo;une croissance continue, aliment\u00e9e par la passion de notre \u00e9quipe et la confiance que nos clients nous accordent.<\/p>\n\n\n\n<h4 class=\"wp-block-heading\">Nos Valeurs <\/h4>\n\n\n\n<ul class=\"wp-block-list\">\n<li><strong>Expertise :<\/strong> Nous cultivons une connaissance approfondie de notre domaine et restons \u00e0 la pointe des avanc\u00e9es technologiques pour offrir des solutions pertinentes et performantes.<\/li>\n\n\n\n<li><strong>Innovation :<\/strong> Nous encourageons la pens\u00e9e cr\u00e9ative et l&rsquo;exploration de nouvelles approches pour concevoir des syst\u00e8mes qui r\u00e9pondent aux d\u00e9fis d&rsquo;aujourd&rsquo;hui et anticipent ceux de demain.<\/li>\n\n\n\n<li><strong>Engagement Client :<\/strong> Le succ\u00e8s de nos clients est notre priorit\u00e9. Nous nous engageons \u00e0 \u00e9tablir des partenariats solides, bas\u00e9s sur l&rsquo;\u00e9coute, la transparence et la r\u00e9activit\u00e9.<\/li>\n\n\n\n<li><strong>Qualit\u00e9 et Fiabilit\u00e9 :<\/strong> Nous accordons une importance primordiale \u00e0 la conception et \u00e0 la mise en \u0153uvre de syst\u00e8mes robustes et fiables, garantissant une performance optimale et durable.<\/li>\n\n\n\n<li><strong>Esprit d&rsquo;\u00c9quipe :<\/strong> Nous croyons en la force du collectif. La collaboration, le partage des connaissances et le respect mutuel sont au c\u0153ur de notre fonctionnement.<\/li>\n<\/ul>\n\n\n\n<h4 class=\"wp-block-heading\">Notre Mission <\/h4>\n\n\n\n<p>Notre mission est d&rsquo;\u00eatre un partenaire technologique de confiance pour nos clients, en leur fournissant des solutions innovantes et sur mesure qui optimisent leurs op\u00e9rations, favorisent leur croissance et leur permettent d&rsquo;atteindre leurs objectifs. Nous nous engageons \u00e0 mettre notre expertise et notre passion au service de leur succ\u00e8s, en construisant des relations durables fond\u00e9es sur la confiance et la performance.<\/p>\n\n\n\n<h4 class=\"wp-block-heading\">Notre \u00c9quipe  <\/h4>\n\n\n\n<ol class=\"wp-block-list\">\n<li><strong>Nicolas Seneret<\/strong> : Pr\u00e9sident Directeur G\u00e9n\u00e9ral<\/li>\n\n\n\n<li><strong>Emilie Seneret<\/strong> : Secr\u00e9taire Comptable<\/li>\n\n\n\n<li><strong>Wayath Seneret<\/strong> : Technico-Commercial<\/li>\n<\/ol>\n\n\n\n<p><\/p>\n","protected":false},"excerpt":{"rendered":"<p>A propos Historique de l&rsquo;entreprise L&rsquo;entreprise Ouest Systeme a vu le jour en Septembre 2016, fruit de l&rsquo;esprit visionnaire de [&hellip;]<\/p>\n","protected":false},"author":2,"featured_media":0,"parent":0,"menu_order":0,"comment_status":"closed","ping_status":"closed","template":"","meta":{"_uag_custom_page_level_css":"","site-sidebar-layout":"default","site-content-layout":"","ast-site-content-layout":"","site-content-style":"default","site-sidebar-style":"default","ast-global-header-display":"","ast-banner-title-visibility":"","ast-main-header-display":"","ast-hfb-above-header-display":"","ast-hfb-below-header-display":"","ast-hfb-mobile-header-display":"","site-post-title":"disabled","ast-breadcrumbs-content":"","ast-featured-img":"","footer-sml-layout":"","ast-disable-related-posts":"","theme-transparent-header-meta":"","adv-header-id-meta":"","stick-header-meta":"","header-above-stick-meta":"","header-main-stick-meta":"","header-below-stick-meta":"","astra-migrate-meta-layouts":"default","ast-page-background-enabled":"default","ast-page-background-meta":{"desktop":{"background-color":"var(--ast-global-color-5)","background-image":"","background-repeat":"repeat","background-position":"center center","background-size":"auto","background-attachment":"scroll","background-type":"","background-media":"","overlay-type":"","overlay-color":"","overlay-opacity":"","overlay-gradient":""},"tablet":{"background-color":"","background-image":"","background-repeat":"repeat","background-position":"center center","background-size":"auto","background-attachment":"scroll","background-type":"","background-media":"","overlay-type":"","overlay-color":"","overlay-opacity":"","overlay-gradient":""},"mobile":{"background-color":"","background-image":"","background-repeat":"repeat","background-position":"center center","background-size":"auto","background-attachment":"scroll","background-type":"","background-media":"","overlay-type":"","overlay-color":"","overlay-opacity":"","overlay-gradient":""}},"ast-content-background-meta":{"desktop":{"background-color":"var(--ast-global-color-4)","background-image":"","background-repeat":"repeat","background-position":"center center","background-size":"auto","background-attachment":"scroll","background-type":"","background-media":"","overlay-type":"","overlay-color":"","overlay-opacity":"","overlay-gradient":""},"tablet":{"background-color":"var(--ast-global-color-4)","background-image":"","background-repeat":"repeat","background-position":"center center","background-size":"auto","background-attachment":"scroll","background-type":"","background-media":"","overlay-type":"","overlay-color":"","overlay-opacity":"","overlay-gradient":""},"mobile":{"background-color":"var(--ast-global-color-4)","background-image":"","background-repeat":"repeat","background-position":"center center","background-size":"auto","background-attachment":"scroll","background-type":"","background-media":"","overlay-type":"","overlay-color":"","overlay-opacity":"","overlay-gradient":""}},"footnotes":""},"class_list":["post-16","page","type-page","status-publish","hentry"],"yoast_head":"<!-- This site is optimized with the Yoast SEO plugin v27.4 - https:\/\/yoast.com\/product\/yoast-seo-wordpress\/ -->\n<title>A propos - Ouest Systeme<\/title>\n<meta name=\"robots\" content=\"index, follow, max-snippet:-1, max-image-preview:large, max-video-preview:-1\" \/>\n<link rel=\"canonical\" href=\"https:\/\/ouestsysteme.com\/index.php\/a-propos\/\" \/>\n<meta property=\"og:locale\" content=\"fr_FR\" \/>\n<meta property=\"og:type\" content=\"article\" \/>\n<meta property=\"og:title\" content=\"A propos - Ouest Systeme\" \/>\n<meta property=\"og:description\" content=\"A propos Historique de l&rsquo;entreprise L&rsquo;entreprise Ouest Systeme a vu le jour en Septembre 2016, fruit de l&rsquo;esprit visionnaire de [&hellip;]\" \/>\n<meta property=\"og:url\" content=\"https:\/\/ouestsysteme.com\/index.php\/a-propos\/\" \/>\n<meta property=\"og:site_name\" content=\"Ouest Systeme\" \/>\n<meta property=\"article:modified_time\" content=\"2025-05-15T09:59:21+00:00\" \/>\n<meta name=\"twitter:card\" content=\"summary_large_image\" \/>\n<meta name=\"twitter:label1\" content=\"Dur\u00e9e de lecture estim\u00e9e\" \/>\n\t<meta name=\"twitter:data1\" content=\"2 minutes\" \/>\n<script type=\"application\/ld+json\" class=\"yoast-schema-graph\">{\"@context\":\"https:\\\/\\\/schema.org\",\"@graph\":[{\"@type\":\"WebPage\",\"@id\":\"https:\\\/\\\/ouestsysteme.com\\\/index.php\\\/a-propos\\\/\",\"url\":\"https:\\\/\\\/ouestsysteme.com\\\/index.php\\\/a-propos\\\/\",\"name\":\"A propos - Ouest Systeme\",\"isPartOf\":{\"@id\":\"https:\\\/\\\/ouestsysteme.com\\\/#website\"},\"datePublished\":\"2025-05-15T07:28:15+00:00\",\"dateModified\":\"2025-05-15T09:59:21+00:00\",\"breadcrumb\":{\"@id\":\"https:\\\/\\\/ouestsysteme.com\\\/index.php\\\/a-propos\\\/#breadcrumb\"},\"inLanguage\":\"fr-FR\",\"potentialAction\":[{\"@type\":\"ReadAction\",\"target\":[\"https:\\\/\\\/ouestsysteme.com\\\/index.php\\\/a-propos\\\/\"]}]},{\"@type\":\"BreadcrumbList\",\"@id\":\"https:\\\/\\\/ouestsysteme.com\\\/index.php\\\/a-propos\\\/#breadcrumb\",\"itemListElement\":[{\"@type\":\"ListItem\",\"position\":1,\"name\":\"Accueil\",\"item\":\"https:\\\/\\\/ouestsysteme.com\\\/\"},{\"@type\":\"ListItem\",\"position\":2,\"name\":\"A propos\"}]},{\"@type\":\"WebSite\",\"@id\":\"https:\\\/\\\/ouestsysteme.com\\\/#website\",\"url\":\"https:\\\/\\\/ouestsysteme.com\\\/\",\"name\":\"Ouest Systeme\",\"description\":\"\",\"potentialAction\":[{\"@type\":\"SearchAction\",\"target\":{\"@type\":\"EntryPoint\",\"urlTemplate\":\"https:\\\/\\\/ouestsysteme.com\\\/?s={search_term_string}\"},\"query-input\":{\"@type\":\"PropertyValueSpecification\",\"valueRequired\":true,\"valueName\":\"search_term_string\"}}],\"inLanguage\":\"fr-FR\"}]}<\/script>\n<!-- \/ Yoast SEO plugin. -->","yoast_head_json":{"title":"A propos - Ouest Systeme","robots":{"index":"index","follow":"follow","max-snippet":"max-snippet:-1","max-image-preview":"max-image-preview:large","max-video-preview":"max-video-preview:-1"},"canonical":"https:\/\/ouestsysteme.com\/index.php\/a-propos\/","og_locale":"fr_FR","og_type":"article","og_title":"A propos - Ouest Systeme","og_description":"A propos Historique de l&rsquo;entreprise L&rsquo;entreprise Ouest Systeme a vu le jour en Septembre 2016, fruit de l&rsquo;esprit visionnaire de [&hellip;]","og_url":"https:\/\/ouestsysteme.com\/index.php\/a-propos\/","og_site_name":"Ouest Systeme","article_modified_time":"2025-05-15T09:59:21+00:00","twitter_card":"summary_large_image","twitter_misc":{"Dur\u00e9e de lecture estim\u00e9e":"2 minutes"},"schema":{"@context":"https:\/\/schema.org","@graph":[{"@type":"WebPage","@id":"https:\/\/ouestsysteme.com\/index.php\/a-propos\/","url":"https:\/\/ouestsysteme.com\/index.php\/a-propos\/","name":"A propos - Ouest Systeme","isPartOf":{"@id":"https:\/\/ouestsysteme.com\/#website"},"datePublished":"2025-05-15T07:28:15+00:00","dateModified":"2025-05-15T09:59:21+00:00","breadcrumb":{"@id":"https:\/\/ouestsysteme.com\/index.php\/a-propos\/#breadcrumb"},"inLanguage":"fr-FR","potentialAction":[{"@type":"ReadAction","target":["https:\/\/ouestsysteme.com\/index.php\/a-propos\/"]}]},{"@type":"BreadcrumbList","@id":"https:\/\/ouestsysteme.com\/index.php\/a-propos\/#breadcrumb","itemListElement":[{"@type":"ListItem","position":1,"name":"Accueil","item":"https:\/\/ouestsysteme.com\/"},{"@type":"ListItem","position":2,"name":"A propos"}]},{"@type":"WebSite","@id":"https:\/\/ouestsysteme.com\/#website","url":"https:\/\/ouestsysteme.com\/","name":"Ouest Systeme","description":"","potentialAction":[{"@type":"SearchAction","target":{"@type":"EntryPoint","urlTemplate":"https:\/\/ouestsysteme.com\/?s={search_term_string}"},"query-input":{"@type":"PropertyValueSpecification","valueRequired":true,"valueName":"search_term_string"}}],"inLanguage":"fr-FR"}]}},"uagb_featured_image_src":{"full":false,"thumbnail":false,"medium":false,"medium_large":false,"large":false,"1536x1536":false,"2048x2048":false},"uagb_author_info":{"display_name":"Wayath SENERET","author_link":"https:\/\/ouestsysteme.com\/index.php\/author\/wayath0510\/"},"uagb_comment_info":0,"uagb_excerpt":"A propos Historique de l&rsquo;entreprise L&rsquo;entreprise Ouest Systeme a vu le jour en Septembre 2016, fruit de l&rsquo;esprit visionnaire de [&hellip;]","_links":{"self":[{"href":"https:\/\/ouestsysteme.com\/index.php\/wp-json\/wp\/v2\/pages\/16","targetHints":{"allow":["GET"]}}],"collection":[{"href":"https:\/\/ouestsysteme.com\/index.php\/wp-json\/wp\/v2\/pages"}],"about":[{"href":"https:\/\/ouestsysteme.com\/index.php\/wp-json\/wp\/v2\/types\/page"}],"author":[{"embeddable":true,"href":"https:\/\/ouestsysteme.com\/index.php\/wp-json\/wp\/v2\/users\/2"}],"replies":[{"embeddable":true,"href":"https:\/\/ouestsysteme.com\/index.php\/wp-json\/wp\/v2\/comments?post=16"}],"version-history":[{"count":6,"href":"https:\/\/ouestsysteme.com\/index.php\/wp-json\/wp\/v2\/pages\/16\/revisions"}],"predecessor-version":[{"id":137,"href":"https:\/\/ouestsysteme.com\/index.php\/wp-json\/wp\/v2\/pages\/16\/revisions\/137"}],"wp:attachment":[{"href":"https:\/\/ouestsysteme.com\/index.php\/wp-json\/wp\/v2\/media?parent=16"}],"curies":[{"name":"wp","href":"https:\/\/api.w.org\/{rel}","templated":true}]}}