{"id":150,"date":"2025-05-15T12:23:35","date_gmt":"2025-05-15T10:23:35","guid":{"rendered":"https:\/\/ouestsysteme.com\/?page_id=150"},"modified":"2025-05-15T12:55:38","modified_gmt":"2025-05-15T10:55:38","slug":"politique-de-confidentialite","status":"publish","type":"page","link":"https:\/\/ouestsysteme.com\/index.php\/politique-de-confidentialite\/","title":{"rendered":"Mentions L\u00e9gales"},"content":{"rendered":"\n<h1 class=\"wp-block-heading has-text-align-center\">Mentions L\u00e9gales<\/h1>\n\n\n\n<h4 class=\"wp-block-heading\">Pr\u00e9ambule<\/h4>\n\n\n\n<p>Vous \u00eates actuellement connect\u00e9(e) sur le site Internet&nbsp;<mark style=\"background-color:rgba(0, 0, 0, 0);color:#cf2e2e\" class=\"has-inline-color\"><a href=\"https:\/\/jolive-elec.fr\/\">https:\/\/<\/a>ouestsysteme.com<\/mark><\/p>\n\n\n\n<p>L\u2019utilisateur d\u00e9clare avoir pris connaissance des informations ci-dessous avant la visite du site. En choisissant d\u2019acc\u00e9der au site, l\u2019utilisateur accepte express\u00e9ment et irr\u00e9vocablement, les termes ci-apr\u00e8s.<\/p>\n\n\n\n<h4 class=\"wp-block-heading\">Responsabilit\u00e9s<\/h4>\n\n\n\n<p>La soci\u00e9t\u00e9 d\u00e9cline toute responsabilit\u00e9 quant au contenu des sites propos\u00e9s en liens. Quelque soit le type de lien \u00e9tabli \u00e0 partir d\u2019un site Internet ext\u00e9rieur, dit \u201csite liant\u201d, vers celui de ouestsysteme.com, ce dernier se r\u00e9serve le droit de s\u2019opposer \u00e0 son \u00e9tablissement.<\/p>\n\n\n\n<h4 class=\"wp-block-heading\">Editeur<\/h4>\n\n\n\n<ul class=\"wp-block-list\">\n<li>D\u00e9nomination sociale :OUEST SYSTEME, SAS au capital de 2 500 \u20ac <\/li>\n\n\n\n<li>Si\u00e8ge social : 19 Bis All\u00e9e Claire Fontaine, 44980 Sainte-Luce-sur-Loire.<\/li>\n\n\n\n<li>Identification TVA : FR77822675484.<\/li>\n\n\n\n<li>Directeur de la publication : Nicolas Seneret, Directeur et Fondateur.<\/li>\n\n\n\n<li>Contact :&nbsp;<a href=\"mailto:contact@jolive-elec.fr\">contact@ouestsysteme.com<\/a>\u2013&nbsp;09.80.65.52.31<\/li>\n<\/ul>\n\n\n\n<h4 class=\"wp-block-heading\">Cr\u00e9dits<\/h4>\n\n\n\n<ul class=\"wp-block-list\">\n<li>Photos : Ouest Syst\u00e8me<\/li>\n\n\n\n<li>H\u00e9bergement : OVH&nbsp;\u2013&nbsp;Siret :&nbsp;82267548400015<\/li>\n<\/ul>\n\n\n\n<h4 class=\"wp-block-heading\">Droits d&rsquo;auteur<\/h4>\n\n\n\n<p>Les photographies, textes, slogans, dessins, images, vid\u00e9os, s\u00e9quences anim\u00e9es sonores ou non ainsi que toutes \u0153uvres int\u00e9gr\u00e9es dans le site sont la propri\u00e9t\u00e9 de Ouest Syst\u00e8me ou de tiers l\u2019ayant autoris\u00e9 \u00e0 les utiliser. Les logos, ic\u00f4nes et puces graphiques repr\u00e9sent\u00e9s sur le site sont prot\u00e9g\u00e9s au titre des droits d\u2019auteur et des articles L.511.1 et suivants du Code de la Propri\u00e9t\u00e9 Intellectuelle relatifs \u00e0 la protection des mod\u00e8les d\u00e9pos\u00e9s. Les reproductions, sur un support papier ou informatique, dudit site et des \u0153uvres qui y sont reproduites sont autoris\u00e9es sous r\u00e9serve qu\u2019elles soient strictement r\u00e9serv\u00e9es \u00e0 un usage personnel excluant tout usage \u00e0 des fins publicitaires et\/ou commerciales, et\/ou d\u2019information et\/ou qu\u2019elles soient conformes aux dispositions de l\u2019article L.122-5 du Code de la Propri\u00e9t\u00e9 Intellectuelle.<\/p>\n\n\n\n<p>\u00c0 l\u2019exception des dispositions ci-dessus, toute reproduction, repr\u00e9sentation, utilisation ou modification, par quelque proc\u00e9d\u00e9 que ce soit et sur quelque support que ce soit, de tout ou partie du site, de tout ou partie des diff\u00e9rentes \u0153uvres qui le composent, sans avoir obtenu l\u2019autorisation pr\u00e9alable de Ouest Syst\u00e8me est strictement interdite et constitue un d\u00e9lit de contrefa\u00e7on et peut donner suite \u00e0 des poursuites judiciaires civiles et\/ou p\u00e9nales et au paiement de dommages et int\u00e9r\u00eats.<\/p>\n\n\n\n<p><\/p>\n","protected":false},"excerpt":{"rendered":"<p>Mentions L\u00e9gales Pr\u00e9ambule Vous \u00eates actuellement connect\u00e9(e) sur le site Internet&nbsp;https:\/\/ouestsysteme.com L\u2019utilisateur d\u00e9clare avoir pris connaissance des informations ci-dessous avant [&hellip;]<\/p>\n","protected":false},"author":2,"featured_media":0,"parent":0,"menu_order":0,"comment_status":"closed","ping_status":"closed","template":"","meta":{"_uag_custom_page_level_css":"","site-sidebar-layout":"default","site-content-layout":"","ast-site-content-layout":"","site-content-style":"default","site-sidebar-style":"default","ast-global-header-display":"","ast-banner-title-visibility":"","ast-main-header-display":"","ast-hfb-above-header-display":"","ast-hfb-below-header-display":"","ast-hfb-mobile-header-display":"","site-post-title":"disabled","ast-breadcrumbs-content":"","ast-featured-img":"","footer-sml-layout":"","ast-disable-related-posts":"","theme-transparent-header-meta":"","adv-header-id-meta":"","stick-header-meta":"","header-above-stick-meta":"","header-main-stick-meta":"","header-below-stick-meta":"","astra-migrate-meta-layouts":"default","ast-page-background-enabled":"default","ast-page-background-meta":{"desktop":{"background-color":"var(--ast-global-color-5)","background-image":"","background-repeat":"repeat","background-position":"center center","background-size":"auto","background-attachment":"scroll","background-type":"","background-media":"","overlay-type":"","overlay-color":"","overlay-opacity":"","overlay-gradient":""},"tablet":{"background-color":"","background-image":"","background-repeat":"repeat","background-position":"center center","background-size":"auto","background-attachment":"scroll","background-type":"","background-media":"","overlay-type":"","overlay-color":"","overlay-opacity":"","overlay-gradient":""},"mobile":{"background-color":"","background-image":"","background-repeat":"repeat","background-position":"center center","background-size":"auto","background-attachment":"scroll","background-type":"","background-media":"","overlay-type":"","overlay-color":"","overlay-opacity":"","overlay-gradient":""}},"ast-content-background-meta":{"desktop":{"background-color":"var(--ast-global-color-4)","background-image":"","background-repeat":"repeat","background-position":"center center","background-size":"auto","background-attachment":"scroll","background-type":"","background-media":"","overlay-type":"","overlay-color":"","overlay-opacity":"","overlay-gradient":""},"tablet":{"background-color":"var(--ast-global-color-4)","background-image":"","background-repeat":"repeat","background-position":"center center","background-size":"auto","background-attachment":"scroll","background-type":"","background-media":"","overlay-type":"","overlay-color":"","overlay-opacity":"","overlay-gradient":""},"mobile":{"background-color":"var(--ast-global-color-4)","background-image":"","background-repeat":"repeat","background-position":"center center","background-size":"auto","background-attachment":"scroll","background-type":"","background-media":"","overlay-type":"","overlay-color":"","overlay-opacity":"","overlay-gradient":""}},"footnotes":""},"class_list":["post-150","page","type-page","status-publish","hentry"],"yoast_head":"<!-- This site is optimized with the Yoast SEO plugin v27.4 - https:\/\/yoast.com\/product\/yoast-seo-wordpress\/ -->\n<title>Mentions L\u00e9gales - Ouest Systeme<\/title>\n<meta name=\"robots\" content=\"index, follow, max-snippet:-1, max-image-preview:large, max-video-preview:-1\" \/>\n<link rel=\"canonical\" href=\"https:\/\/ouestsysteme.com\/index.php\/politique-de-confidentialite\/\" \/>\n<meta property=\"og:locale\" content=\"fr_FR\" \/>\n<meta property=\"og:type\" content=\"article\" \/>\n<meta property=\"og:title\" content=\"Mentions L\u00e9gales - Ouest Systeme\" \/>\n<meta property=\"og:description\" content=\"Mentions L\u00e9gales Pr\u00e9ambule Vous \u00eates actuellement connect\u00e9(e) sur le site Internet&nbsp;https:\/\/ouestsysteme.com L\u2019utilisateur d\u00e9clare avoir pris connaissance des informations ci-dessous avant [&hellip;]\" \/>\n<meta property=\"og:url\" content=\"https:\/\/ouestsysteme.com\/index.php\/politique-de-confidentialite\/\" \/>\n<meta property=\"og:site_name\" content=\"Ouest Systeme\" \/>\n<meta property=\"article:modified_time\" content=\"2025-05-15T10:55:38+00:00\" \/>\n<meta name=\"twitter:card\" content=\"summary_large_image\" \/>\n<meta name=\"twitter:label1\" content=\"Dur\u00e9e de lecture estim\u00e9e\" \/>\n\t<meta name=\"twitter:data1\" content=\"2 minutes\" \/>\n<script type=\"application\/ld+json\" class=\"yoast-schema-graph\">{\"@context\":\"https:\\\/\\\/schema.org\",\"@graph\":[{\"@type\":\"WebPage\",\"@id\":\"https:\\\/\\\/ouestsysteme.com\\\/index.php\\\/politique-de-confidentialite\\\/\",\"url\":\"https:\\\/\\\/ouestsysteme.com\\\/index.php\\\/politique-de-confidentialite\\\/\",\"name\":\"Mentions L\u00e9gales - Ouest Systeme\",\"isPartOf\":{\"@id\":\"https:\\\/\\\/ouestsysteme.com\\\/#website\"},\"datePublished\":\"2025-05-15T10:23:35+00:00\",\"dateModified\":\"2025-05-15T10:55:38+00:00\",\"breadcrumb\":{\"@id\":\"https:\\\/\\\/ouestsysteme.com\\\/index.php\\\/politique-de-confidentialite\\\/#breadcrumb\"},\"inLanguage\":\"fr-FR\",\"potentialAction\":[{\"@type\":\"ReadAction\",\"target\":[\"https:\\\/\\\/ouestsysteme.com\\\/index.php\\\/politique-de-confidentialite\\\/\"]}]},{\"@type\":\"BreadcrumbList\",\"@id\":\"https:\\\/\\\/ouestsysteme.com\\\/index.php\\\/politique-de-confidentialite\\\/#breadcrumb\",\"itemListElement\":[{\"@type\":\"ListItem\",\"position\":1,\"name\":\"Accueil\",\"item\":\"https:\\\/\\\/ouestsysteme.com\\\/\"},{\"@type\":\"ListItem\",\"position\":2,\"name\":\"Mentions L\u00e9gales\"}]},{\"@type\":\"WebSite\",\"@id\":\"https:\\\/\\\/ouestsysteme.com\\\/#website\",\"url\":\"https:\\\/\\\/ouestsysteme.com\\\/\",\"name\":\"Ouest Systeme\",\"description\":\"\",\"potentialAction\":[{\"@type\":\"SearchAction\",\"target\":{\"@type\":\"EntryPoint\",\"urlTemplate\":\"https:\\\/\\\/ouestsysteme.com\\\/?s={search_term_string}\"},\"query-input\":{\"@type\":\"PropertyValueSpecification\",\"valueRequired\":true,\"valueName\":\"search_term_string\"}}],\"inLanguage\":\"fr-FR\"}]}<\/script>\n<!-- \/ Yoast SEO plugin. -->","yoast_head_json":{"title":"Mentions L\u00e9gales - Ouest Systeme","robots":{"index":"index","follow":"follow","max-snippet":"max-snippet:-1","max-image-preview":"max-image-preview:large","max-video-preview":"max-video-preview:-1"},"canonical":"https:\/\/ouestsysteme.com\/index.php\/politique-de-confidentialite\/","og_locale":"fr_FR","og_type":"article","og_title":"Mentions L\u00e9gales - Ouest Systeme","og_description":"Mentions L\u00e9gales Pr\u00e9ambule Vous \u00eates actuellement connect\u00e9(e) sur le site Internet&nbsp;https:\/\/ouestsysteme.com L\u2019utilisateur d\u00e9clare avoir pris connaissance des informations ci-dessous avant [&hellip;]","og_url":"https:\/\/ouestsysteme.com\/index.php\/politique-de-confidentialite\/","og_site_name":"Ouest Systeme","article_modified_time":"2025-05-15T10:55:38+00:00","twitter_card":"summary_large_image","twitter_misc":{"Dur\u00e9e de lecture estim\u00e9e":"2 minutes"},"schema":{"@context":"https:\/\/schema.org","@graph":[{"@type":"WebPage","@id":"https:\/\/ouestsysteme.com\/index.php\/politique-de-confidentialite\/","url":"https:\/\/ouestsysteme.com\/index.php\/politique-de-confidentialite\/","name":"Mentions L\u00e9gales - Ouest Systeme","isPartOf":{"@id":"https:\/\/ouestsysteme.com\/#website"},"datePublished":"2025-05-15T10:23:35+00:00","dateModified":"2025-05-15T10:55:38+00:00","breadcrumb":{"@id":"https:\/\/ouestsysteme.com\/index.php\/politique-de-confidentialite\/#breadcrumb"},"inLanguage":"fr-FR","potentialAction":[{"@type":"ReadAction","target":["https:\/\/ouestsysteme.com\/index.php\/politique-de-confidentialite\/"]}]},{"@type":"BreadcrumbList","@id":"https:\/\/ouestsysteme.com\/index.php\/politique-de-confidentialite\/#breadcrumb","itemListElement":[{"@type":"ListItem","position":1,"name":"Accueil","item":"https:\/\/ouestsysteme.com\/"},{"@type":"ListItem","position":2,"name":"Mentions L\u00e9gales"}]},{"@type":"WebSite","@id":"https:\/\/ouestsysteme.com\/#website","url":"https:\/\/ouestsysteme.com\/","name":"Ouest Systeme","description":"","potentialAction":[{"@type":"SearchAction","target":{"@type":"EntryPoint","urlTemplate":"https:\/\/ouestsysteme.com\/?s={search_term_string}"},"query-input":{"@type":"PropertyValueSpecification","valueRequired":true,"valueName":"search_term_string"}}],"inLanguage":"fr-FR"}]}},"uagb_featured_image_src":{"full":false,"thumbnail":false,"medium":false,"medium_large":false,"large":false,"1536x1536":false,"2048x2048":false},"uagb_author_info":{"display_name":"Wayath SENERET","author_link":"https:\/\/ouestsysteme.com\/index.php\/author\/wayath0510\/"},"uagb_comment_info":0,"uagb_excerpt":"Mentions L\u00e9gales Pr\u00e9ambule Vous \u00eates actuellement connect\u00e9(e) sur le site Internet&nbsp;https:\/\/ouestsysteme.com L\u2019utilisateur d\u00e9clare avoir pris connaissance des informations ci-dessous avant [&hellip;]","_links":{"self":[{"href":"https:\/\/ouestsysteme.com\/index.php\/wp-json\/wp\/v2\/pages\/150","targetHints":{"allow":["GET"]}}],"collection":[{"href":"https:\/\/ouestsysteme.com\/index.php\/wp-json\/wp\/v2\/pages"}],"about":[{"href":"https:\/\/ouestsysteme.com\/index.php\/wp-json\/wp\/v2\/types\/page"}],"author":[{"embeddable":true,"href":"https:\/\/ouestsysteme.com\/index.php\/wp-json\/wp\/v2\/users\/2"}],"replies":[{"embeddable":true,"href":"https:\/\/ouestsysteme.com\/index.php\/wp-json\/wp\/v2\/comments?post=150"}],"version-history":[{"count":4,"href":"https:\/\/ouestsysteme.com\/index.php\/wp-json\/wp\/v2\/pages\/150\/revisions"}],"predecessor-version":[{"id":184,"href":"https:\/\/ouestsysteme.com\/index.php\/wp-json\/wp\/v2\/pages\/150\/revisions\/184"}],"wp:attachment":[{"href":"https:\/\/ouestsysteme.com\/index.php\/wp-json\/wp\/v2\/media?parent=150"}],"curies":[{"name":"wp","href":"https:\/\/api.w.org\/{rel}","templated":true}]}}