{"id":113,"date":"2025-05-15T11:32:37","date_gmt":"2025-05-15T09:32:37","guid":{"rendered":"https:\/\/ouestsysteme.com\/?page_id=113"},"modified":"2025-09-04T10:46:16","modified_gmt":"2025-09-04T08:46:16","slug":"video-surveillance","status":"publish","type":"page","link":"https:\/\/ouestsysteme.com\/index.php\/video-surveillance\/","title":{"rendered":"Vid\u00e9o-Surveillance"},"content":{"rendered":"\n<h2 class=\"wp-block-heading has-text-align-center has-large-font-size\"><strong>Vid\u00e9o-Surveillance<\/strong><\/h2>\n\n\n\n<p class=\"has-ast-global-color-8-color has-text-color has-link-color wp-elements-13106e5470bed75673a19d67611a4c8c\"><strong>Installation de cam\u00e9ras de surveillance (int\u00e9rieures, ext\u00e9rieures, IP), enregistrement, visualisation \u00e0 distance.<\/strong><\/p>\n\n\n\n<h2 class=\"wp-block-heading has-text-align-center has-black-color has-text-color has-link-color wp-elements-6c727c5ad337bfaf80835e8550b24ee2\"><strong>Les diff\u00e9rents avantages :<\/strong><\/h2>\n\n\n\n<ul class=\"wp-block-list has-ast-global-color-8-color has-text-color has-link-color wp-elements-e1d6973cd369d8fbfd7a1ccaa95e73ff\">\n<li><strong>Dissuasion des actes malveillants.<\/strong><\/li>\n\n\n\n<li><strong>Preuves visuelles en cas d&rsquo;incident.<\/strong><\/li>\n\n\n\n<li><strong>Surveillance \u00e0 distance des locaux.<\/strong><\/li>\n\n\n\n<li><strong>Am\u00e9lioration de la s\u00e9curit\u00e9 globale.<\/strong><\/li>\n\n\n\n<li><strong>Aide \u00e0 la gestion et \u00e0 l&rsquo;optimisation.<\/strong><\/li>\n<\/ul>\n\n\n\n<figure class=\"wp-block-image size-large is-resized\"><img loading=\"lazy\" decoding=\"async\" width=\"1024\" height=\"683\" src=\"https:\/\/ouestsysteme.com\/wp-content\/uploads\/2025\/05\/video-1024x683.png\" alt=\"\" class=\"wp-image-114\" style=\"width:1200px;height:auto\" srcset=\"https:\/\/ouestsysteme.com\/wp-content\/uploads\/2025\/05\/video-1024x683.png 1024w, https:\/\/ouestsysteme.com\/wp-content\/uploads\/2025\/05\/video-300x200.png 300w, https:\/\/ouestsysteme.com\/wp-content\/uploads\/2025\/05\/video-768x512.png 768w, https:\/\/ouestsysteme.com\/wp-content\/uploads\/2025\/05\/video.png 1536w\" sizes=\"auto, (max-width: 1024px) 100vw, 1024px\" \/><\/figure>\n\n\n\n<div class=\"wp-block-uagb-image uagb-block-5e281fad wp-block-uagb-image--layout-default wp-block-uagb-image--effect-static wp-block-uagb-image--align-none\"><figure class=\"wp-block-uagb-image__figure\"><img decoding=\"async\" srcset=\"https:\/\/ouestsysteme.com\/wp-content\/uploads\/2025\/09\/Siren-et-cam-1-1024x768.jpg ,https:\/\/ouestsysteme.com\/wp-content\/uploads\/2025\/09\/Siren-et-cam-1-scaled.jpg 780w, https:\/\/ouestsysteme.com\/wp-content\/uploads\/2025\/09\/Siren-et-cam-1-scaled.jpg 360w\" sizes=\"auto, (max-width: 480px) 150px\" src=\"https:\/\/ouestsysteme.com\/wp-content\/uploads\/2025\/09\/Siren-et-cam-1-1024x768.jpg\" alt=\"\" class=\"uag-image-233\" width=\"4032\" height=\"3024\" title=\"Siren et cam\" loading=\"lazy\" role=\"img\"\/><\/figure><\/div>\n\n\n\n<div class=\"wp-block-uagb-image uagb-block-7c51c56b wp-block-uagb-image--layout-default wp-block-uagb-image--effect-static wp-block-uagb-image--align-none\"><figure class=\"wp-block-uagb-image__figure\"><img decoding=\"async\" srcset=\"https:\/\/ouestsysteme.com\/wp-content\/uploads\/2025\/09\/Dome-Interieur-1-576x1024.jpg ,https:\/\/ouestsysteme.com\/wp-content\/uploads\/2025\/09\/Dome-Interieur-1-scaled.jpg 780w, https:\/\/ouestsysteme.com\/wp-content\/uploads\/2025\/09\/Dome-Interieur-1-scaled.jpg 360w\" sizes=\"auto, (max-width: 480px) 150px\" src=\"https:\/\/ouestsysteme.com\/wp-content\/uploads\/2025\/09\/Dome-Interieur-1-576x1024.jpg\" alt=\"\" class=\"uag-image-234\" width=\"1727\" height=\"3068\" title=\"D\u00f4me Int\u00e9rieur\" loading=\"lazy\" role=\"img\"\/><\/figure><\/div>\n\n\n\n<div class=\"wp-block-uagb-image uagb-block-36d9f0b4 wp-block-uagb-image--layout-default wp-block-uagb-image--effect-static wp-block-uagb-image--align-none\"><figure class=\"wp-block-uagb-image__figure\"><img decoding=\"async\" srcset=\"https:\/\/ouestsysteme.com\/wp-content\/uploads\/2025\/09\/Image-du-Dome-1-1024x681.jpg ,https:\/\/ouestsysteme.com\/wp-content\/uploads\/2025\/09\/Image-du-Dome-1.jpg 780w, https:\/\/ouestsysteme.com\/wp-content\/uploads\/2025\/09\/Image-du-Dome-1.jpg 360w\" sizes=\"auto, (max-width: 480px) 150px\" src=\"https:\/\/ouestsysteme.com\/wp-content\/uploads\/2025\/09\/Image-du-Dome-1-1024x681.jpg\" alt=\"\" class=\"uag-image-235\" width=\"1179\" height=\"784\" title=\"Image du D\u00f4me\" loading=\"lazy\" role=\"img\"\/><\/figure><\/div>\n","protected":false},"excerpt":{"rendered":"<p>Vid\u00e9o-Surveillance Installation de cam\u00e9ras de surveillance (int\u00e9rieures, ext\u00e9rieures, IP), enregistrement, visualisation \u00e0 distance. Les diff\u00e9rents avantages :<\/p>\n","protected":false},"author":2,"featured_media":0,"parent":0,"menu_order":0,"comment_status":"closed","ping_status":"closed","template":"","meta":{"_uag_custom_page_level_css":"","site-sidebar-layout":"default","site-content-layout":"","ast-site-content-layout":"","site-content-style":"default","site-sidebar-style":"default","ast-global-header-display":"","ast-banner-title-visibility":"","ast-main-header-display":"","ast-hfb-above-header-display":"","ast-hfb-below-header-display":"","ast-hfb-mobile-header-display":"","site-post-title":"disabled","ast-breadcrumbs-content":"","ast-featured-img":"","footer-sml-layout":"","ast-disable-related-posts":"","theme-transparent-header-meta":"","adv-header-id-meta":"","stick-header-meta":"","header-above-stick-meta":"","header-main-stick-meta":"","header-below-stick-meta":"","astra-migrate-meta-layouts":"default","ast-page-background-enabled":"default","ast-page-background-meta":{"desktop":{"background-color":"var(--ast-global-color-5)","background-image":"","background-repeat":"repeat","background-position":"center center","background-size":"auto","background-attachment":"scroll","background-type":"","background-media":"","overlay-type":"","overlay-color":"","overlay-opacity":"","overlay-gradient":""},"tablet":{"background-color":"","background-image":"","background-repeat":"repeat","background-position":"center center","background-size":"auto","background-attachment":"scroll","background-type":"","background-media":"","overlay-type":"","overlay-color":"","overlay-opacity":"","overlay-gradient":""},"mobile":{"background-color":"","background-image":"","background-repeat":"repeat","background-position":"center center","background-size":"auto","background-attachment":"scroll","background-type":"","background-media":"","overlay-type":"","overlay-color":"","overlay-opacity":"","overlay-gradient":""}},"ast-content-background-meta":{"desktop":{"background-color":"var(--ast-global-color-4)","background-image":"","background-repeat":"repeat","background-position":"center center","background-size":"auto","background-attachment":"scroll","background-type":"","background-media":"","overlay-type":"","overlay-color":"","overlay-opacity":"","overlay-gradient":""},"tablet":{"background-color":"var(--ast-global-color-4)","background-image":"","background-repeat":"repeat","background-position":"center center","background-size":"auto","background-attachment":"scroll","background-type":"","background-media":"","overlay-type":"","overlay-color":"","overlay-opacity":"","overlay-gradient":""},"mobile":{"background-color":"var(--ast-global-color-4)","background-image":"","background-repeat":"repeat","background-position":"center center","background-size":"auto","background-attachment":"scroll","background-type":"","background-media":"","overlay-type":"","overlay-color":"","overlay-opacity":"","overlay-gradient":""}},"footnotes":""},"class_list":["post-113","page","type-page","status-publish","hentry"],"yoast_head":"<!-- This site is optimized with the Yoast SEO plugin v27.4 - https:\/\/yoast.com\/product\/yoast-seo-wordpress\/ -->\n<title>Vid\u00e9o-Surveillance - Ouest Systeme<\/title>\n<meta name=\"robots\" content=\"index, follow, max-snippet:-1, max-image-preview:large, max-video-preview:-1\" \/>\n<link rel=\"canonical\" href=\"https:\/\/ouestsysteme.com\/index.php\/video-surveillance\/\" \/>\n<meta property=\"og:locale\" content=\"fr_FR\" \/>\n<meta property=\"og:type\" content=\"article\" \/>\n<meta property=\"og:title\" content=\"Vid\u00e9o-Surveillance - Ouest Systeme\" \/>\n<meta property=\"og:description\" content=\"Vid\u00e9o-Surveillance Installation de cam\u00e9ras de surveillance (int\u00e9rieures, ext\u00e9rieures, IP), enregistrement, visualisation \u00e0 distance. Les diff\u00e9rents avantages :\" \/>\n<meta property=\"og:url\" content=\"https:\/\/ouestsysteme.com\/index.php\/video-surveillance\/\" \/>\n<meta property=\"og:site_name\" content=\"Ouest Systeme\" \/>\n<meta property=\"article:modified_time\" content=\"2025-09-04T08:46:16+00:00\" \/>\n<meta property=\"og:image\" content=\"https:\/\/ouestsysteme.com\/wp-content\/uploads\/2025\/05\/video.png\" \/>\n\t<meta property=\"og:image:width\" content=\"1536\" \/>\n\t<meta property=\"og:image:height\" content=\"1024\" \/>\n\t<meta property=\"og:image:type\" content=\"image\/png\" \/>\n<meta name=\"twitter:card\" content=\"summary_large_image\" \/>\n<meta name=\"twitter:label1\" content=\"Dur\u00e9e de lecture estim\u00e9e\" \/>\n\t<meta name=\"twitter:data1\" content=\"1 minute\" \/>\n<script type=\"application\/ld+json\" class=\"yoast-schema-graph\">{\"@context\":\"https:\\\/\\\/schema.org\",\"@graph\":[{\"@type\":\"WebPage\",\"@id\":\"https:\\\/\\\/ouestsysteme.com\\\/index.php\\\/video-surveillance\\\/\",\"url\":\"https:\\\/\\\/ouestsysteme.com\\\/index.php\\\/video-surveillance\\\/\",\"name\":\"Vid\u00e9o-Surveillance - Ouest Systeme\",\"isPartOf\":{\"@id\":\"https:\\\/\\\/ouestsysteme.com\\\/#website\"},\"primaryImageOfPage\":{\"@id\":\"https:\\\/\\\/ouestsysteme.com\\\/index.php\\\/video-surveillance\\\/#primaryimage\"},\"image\":{\"@id\":\"https:\\\/\\\/ouestsysteme.com\\\/index.php\\\/video-surveillance\\\/#primaryimage\"},\"thumbnailUrl\":\"https:\\\/\\\/ouestsysteme.com\\\/wp-content\\\/uploads\\\/2025\\\/05\\\/video-1024x683.png\",\"datePublished\":\"2025-05-15T09:32:37+00:00\",\"dateModified\":\"2025-09-04T08:46:16+00:00\",\"breadcrumb\":{\"@id\":\"https:\\\/\\\/ouestsysteme.com\\\/index.php\\\/video-surveillance\\\/#breadcrumb\"},\"inLanguage\":\"fr-FR\",\"potentialAction\":[{\"@type\":\"ReadAction\",\"target\":[\"https:\\\/\\\/ouestsysteme.com\\\/index.php\\\/video-surveillance\\\/\"]}]},{\"@type\":\"ImageObject\",\"inLanguage\":\"fr-FR\",\"@id\":\"https:\\\/\\\/ouestsysteme.com\\\/index.php\\\/video-surveillance\\\/#primaryimage\",\"url\":\"https:\\\/\\\/ouestsysteme.com\\\/wp-content\\\/uploads\\\/2025\\\/05\\\/video.png\",\"contentUrl\":\"https:\\\/\\\/ouestsysteme.com\\\/wp-content\\\/uploads\\\/2025\\\/05\\\/video.png\",\"width\":1536,\"height\":1024},{\"@type\":\"BreadcrumbList\",\"@id\":\"https:\\\/\\\/ouestsysteme.com\\\/index.php\\\/video-surveillance\\\/#breadcrumb\",\"itemListElement\":[{\"@type\":\"ListItem\",\"position\":1,\"name\":\"Accueil\",\"item\":\"https:\\\/\\\/ouestsysteme.com\\\/\"},{\"@type\":\"ListItem\",\"position\":2,\"name\":\"Vid\u00e9o-Surveillance\"}]},{\"@type\":\"WebSite\",\"@id\":\"https:\\\/\\\/ouestsysteme.com\\\/#website\",\"url\":\"https:\\\/\\\/ouestsysteme.com\\\/\",\"name\":\"Ouest Systeme\",\"description\":\"\",\"potentialAction\":[{\"@type\":\"SearchAction\",\"target\":{\"@type\":\"EntryPoint\",\"urlTemplate\":\"https:\\\/\\\/ouestsysteme.com\\\/?s={search_term_string}\"},\"query-input\":{\"@type\":\"PropertyValueSpecification\",\"valueRequired\":true,\"valueName\":\"search_term_string\"}}],\"inLanguage\":\"fr-FR\"}]}<\/script>\n<!-- \/ Yoast SEO plugin. -->","yoast_head_json":{"title":"Vid\u00e9o-Surveillance - Ouest Systeme","robots":{"index":"index","follow":"follow","max-snippet":"max-snippet:-1","max-image-preview":"max-image-preview:large","max-video-preview":"max-video-preview:-1"},"canonical":"https:\/\/ouestsysteme.com\/index.php\/video-surveillance\/","og_locale":"fr_FR","og_type":"article","og_title":"Vid\u00e9o-Surveillance - Ouest Systeme","og_description":"Vid\u00e9o-Surveillance Installation de cam\u00e9ras de surveillance (int\u00e9rieures, ext\u00e9rieures, IP), enregistrement, visualisation \u00e0 distance. Les diff\u00e9rents avantages :","og_url":"https:\/\/ouestsysteme.com\/index.php\/video-surveillance\/","og_site_name":"Ouest Systeme","article_modified_time":"2025-09-04T08:46:16+00:00","og_image":[{"width":1536,"height":1024,"url":"https:\/\/ouestsysteme.com\/wp-content\/uploads\/2025\/05\/video.png","type":"image\/png"}],"twitter_card":"summary_large_image","twitter_misc":{"Dur\u00e9e de lecture estim\u00e9e":"1 minute"},"schema":{"@context":"https:\/\/schema.org","@graph":[{"@type":"WebPage","@id":"https:\/\/ouestsysteme.com\/index.php\/video-surveillance\/","url":"https:\/\/ouestsysteme.com\/index.php\/video-surveillance\/","name":"Vid\u00e9o-Surveillance - Ouest Systeme","isPartOf":{"@id":"https:\/\/ouestsysteme.com\/#website"},"primaryImageOfPage":{"@id":"https:\/\/ouestsysteme.com\/index.php\/video-surveillance\/#primaryimage"},"image":{"@id":"https:\/\/ouestsysteme.com\/index.php\/video-surveillance\/#primaryimage"},"thumbnailUrl":"https:\/\/ouestsysteme.com\/wp-content\/uploads\/2025\/05\/video-1024x683.png","datePublished":"2025-05-15T09:32:37+00:00","dateModified":"2025-09-04T08:46:16+00:00","breadcrumb":{"@id":"https:\/\/ouestsysteme.com\/index.php\/video-surveillance\/#breadcrumb"},"inLanguage":"fr-FR","potentialAction":[{"@type":"ReadAction","target":["https:\/\/ouestsysteme.com\/index.php\/video-surveillance\/"]}]},{"@type":"ImageObject","inLanguage":"fr-FR","@id":"https:\/\/ouestsysteme.com\/index.php\/video-surveillance\/#primaryimage","url":"https:\/\/ouestsysteme.com\/wp-content\/uploads\/2025\/05\/video.png","contentUrl":"https:\/\/ouestsysteme.com\/wp-content\/uploads\/2025\/05\/video.png","width":1536,"height":1024},{"@type":"BreadcrumbList","@id":"https:\/\/ouestsysteme.com\/index.php\/video-surveillance\/#breadcrumb","itemListElement":[{"@type":"ListItem","position":1,"name":"Accueil","item":"https:\/\/ouestsysteme.com\/"},{"@type":"ListItem","position":2,"name":"Vid\u00e9o-Surveillance"}]},{"@type":"WebSite","@id":"https:\/\/ouestsysteme.com\/#website","url":"https:\/\/ouestsysteme.com\/","name":"Ouest Systeme","description":"","potentialAction":[{"@type":"SearchAction","target":{"@type":"EntryPoint","urlTemplate":"https:\/\/ouestsysteme.com\/?s={search_term_string}"},"query-input":{"@type":"PropertyValueSpecification","valueRequired":true,"valueName":"search_term_string"}}],"inLanguage":"fr-FR"}]}},"uagb_featured_image_src":{"full":false,"thumbnail":false,"medium":false,"medium_large":false,"large":false,"1536x1536":false,"2048x2048":false},"uagb_author_info":{"display_name":"Wayath SENERET","author_link":"https:\/\/ouestsysteme.com\/index.php\/author\/wayath0510\/"},"uagb_comment_info":0,"uagb_excerpt":"Vid\u00e9o-Surveillance Installation de cam\u00e9ras de surveillance (int\u00e9rieures, ext\u00e9rieures, IP), enregistrement, visualisation \u00e0 distance. Les diff\u00e9rents avantages :","_links":{"self":[{"href":"https:\/\/ouestsysteme.com\/index.php\/wp-json\/wp\/v2\/pages\/113","targetHints":{"allow":["GET"]}}],"collection":[{"href":"https:\/\/ouestsysteme.com\/index.php\/wp-json\/wp\/v2\/pages"}],"about":[{"href":"https:\/\/ouestsysteme.com\/index.php\/wp-json\/wp\/v2\/types\/page"}],"author":[{"embeddable":true,"href":"https:\/\/ouestsysteme.com\/index.php\/wp-json\/wp\/v2\/users\/2"}],"replies":[{"embeddable":true,"href":"https:\/\/ouestsysteme.com\/index.php\/wp-json\/wp\/v2\/comments?post=113"}],"version-history":[{"count":5,"href":"https:\/\/ouestsysteme.com\/index.php\/wp-json\/wp\/v2\/pages\/113\/revisions"}],"predecessor-version":[{"id":236,"href":"https:\/\/ouestsysteme.com\/index.php\/wp-json\/wp\/v2\/pages\/113\/revisions\/236"}],"wp:attachment":[{"href":"https:\/\/ouestsysteme.com\/index.php\/wp-json\/wp\/v2\/media?parent=113"}],"curies":[{"name":"wp","href":"https:\/\/api.w.org\/{rel}","templated":true}]}}