{"id":101,"date":"2025-05-15T11:20:49","date_gmt":"2025-05-15T09:20:49","guid":{"rendered":"https:\/\/ouestsysteme.com\/?page_id=101"},"modified":"2025-09-04T10:48:38","modified_gmt":"2025-09-04T08:48:38","slug":"securite-anti-intrusion","status":"publish","type":"page","link":"https:\/\/ouestsysteme.com\/index.php\/securite-anti-intrusion\/","title":{"rendered":"S\u00e9curit\u00e9 Anti-Intrusion"},"content":{"rendered":"\n<h2 class=\"wp-block-heading has-text-align-center\"><strong>S\u00e9curit\u00e9 Anti-Intrusion<\/strong><\/h2>\n\n\n\n<p class=\"has-ast-global-color-8-color has-text-color has-link-color wp-elements-d163e54448d2ec64ccf67d2ce324c33b\"><strong>Installation de syst\u00e8mes d&rsquo;alarme anti-intrusion ( centrale d&rsquo;alarme, d\u00e9tecteur de mouvement, d&rsquo;\u00e9tecteur d&rsquo;ouverture&#8230; )<\/strong><\/p>\n\n\n\n<h4 class=\"wp-block-heading has-text-align-center\"><strong>Les diff\u00e9rents avantages :<\/strong><\/h4>\n\n\n\n<ul class=\"wp-block-list has-ast-global-color-8-color has-text-color has-link-color wp-elements-7db1bdb9e8763b46a35b33ce9a60360f\">\n<li><strong>Dissuasion des cambrioleurs.<\/strong><\/li>\n\n\n\n<li><strong>Alerte rapide en cas d&rsquo;intrusion.<\/strong><\/li>\n\n\n\n<li><strong>Limitation des pertes et dommages.<\/strong><\/li>\n\n\n\n<li><strong>Sentiment de s\u00e9curit\u00e9 renforc\u00e9.<\/strong><\/li>\n\n\n\n<li><strong>Possibilit\u00e9 de r\u00e9duction d&rsquo;assurance.<\/strong><\/li>\n<\/ul>\n\n\n\n<figure class=\"wp-block-image size-large is-resized\"><img loading=\"lazy\" decoding=\"async\" width=\"1024\" height=\"683\" src=\"https:\/\/ouestsysteme.com\/wp-content\/uploads\/2025\/05\/alarme-intrusion-1024x683.png\" alt=\"\" class=\"wp-image-102\" style=\"width:1200px;height:auto\" srcset=\"https:\/\/ouestsysteme.com\/wp-content\/uploads\/2025\/05\/alarme-intrusion-1024x683.png 1024w, https:\/\/ouestsysteme.com\/wp-content\/uploads\/2025\/05\/alarme-intrusion-300x200.png 300w, https:\/\/ouestsysteme.com\/wp-content\/uploads\/2025\/05\/alarme-intrusion-768x512.png 768w, https:\/\/ouestsysteme.com\/wp-content\/uploads\/2025\/05\/alarme-intrusion.png 1536w\" sizes=\"auto, (max-width: 1024px) 100vw, 1024px\" \/><\/figure>\n\n\n\n<div class=\"wp-block-uagb-image uagb-block-7aa0757d wp-block-uagb-image--layout-default wp-block-uagb-image--effect-static wp-block-uagb-image--align-none\"><figure class=\"wp-block-uagb-image__figure\"><img decoding=\"async\" srcset=\"https:\/\/ouestsysteme.com\/wp-content\/uploads\/2025\/09\/Porte-Complete-Sortie-secours-768x1024.jpg ,https:\/\/ouestsysteme.com\/wp-content\/uploads\/2025\/09\/Porte-Complete-Sortie-secours-scaled.jpg 780w, https:\/\/ouestsysteme.com\/wp-content\/uploads\/2025\/09\/Porte-Complete-Sortie-secours-scaled.jpg 360w\" sizes=\"auto, (max-width: 480px) 150px\" src=\"https:\/\/ouestsysteme.com\/wp-content\/uploads\/2025\/09\/Porte-Complete-Sortie-secours-768x1024.jpg\" alt=\"\" class=\"uag-image-237\" width=\"3024\" height=\"4032\" title=\"Porte Compl\u00e8te Sortie secours\" loading=\"lazy\" role=\"img\"\/><\/figure><\/div>\n\n\n\n<div class=\"wp-block-uagb-image uagb-block-9e76d17d wp-block-uagb-image--layout-default wp-block-uagb-image--effect-static wp-block-uagb-image--align-none\"><figure class=\"wp-block-uagb-image__figure\"><img decoding=\"async\" srcset=\"https:\/\/ouestsysteme.com\/wp-content\/uploads\/2025\/09\/Porte-Complete-Sun-Way-941x1024.jpg ,https:\/\/ouestsysteme.com\/wp-content\/uploads\/2025\/09\/Porte-Complete-Sun-Way-scaled.jpg 780w, https:\/\/ouestsysteme.com\/wp-content\/uploads\/2025\/09\/Porte-Complete-Sun-Way-scaled.jpg 360w\" sizes=\"auto, (max-width: 480px) 150px\" src=\"https:\/\/ouestsysteme.com\/wp-content\/uploads\/2025\/09\/Porte-Complete-Sun-Way-941x1024.jpg\" alt=\"\" class=\"uag-image-238\" width=\"3024\" height=\"3289\" title=\"Porte Compl\u00e8te Sun Way\" loading=\"lazy\" role=\"img\"\/><\/figure><\/div>\n\n\n\n<div class=\"wp-block-uagb-image uagb-block-4eb4d53e wp-block-uagb-image--layout-default wp-block-uagb-image--effect-static wp-block-uagb-image--align-none\"><figure class=\"wp-block-uagb-image__figure\"><img decoding=\"async\" srcset=\"https:\/\/ouestsysteme.com\/wp-content\/uploads\/2025\/09\/Radar-POHD-Barber-576x1024.jpg ,https:\/\/ouestsysteme.com\/wp-content\/uploads\/2025\/09\/Radar-POHD-Barber-scaled.jpg 780w, https:\/\/ouestsysteme.com\/wp-content\/uploads\/2025\/09\/Radar-POHD-Barber-scaled.jpg 360w\" sizes=\"auto, (max-width: 480px) 150px\" src=\"https:\/\/ouestsysteme.com\/wp-content\/uploads\/2025\/09\/Radar-POHD-Barber-576x1024.jpg\" alt=\"\" class=\"uag-image-239\" width=\"2268\" height=\"4032\" title=\"Radar POHD Barber\" loading=\"lazy\" role=\"img\"\/><\/figure><\/div>\n\n\n\n<div class=\"wp-block-uagb-image uagb-block-d8c00543 wp-block-uagb-image--layout-default wp-block-uagb-image--effect-static wp-block-uagb-image--align-none\"><figure class=\"wp-block-uagb-image__figure\"><img decoding=\"async\" srcset=\"https:\/\/ouestsysteme.com\/wp-content\/uploads\/2025\/09\/Radar-POHD-Porte-Sectionnelle-1024x952.jpg ,https:\/\/ouestsysteme.com\/wp-content\/uploads\/2025\/09\/Radar-POHD-Porte-Sectionnelle-scaled.jpg 780w, https:\/\/ouestsysteme.com\/wp-content\/uploads\/2025\/09\/Radar-POHD-Porte-Sectionnelle-scaled.jpg 360w\" sizes=\"auto, (max-width: 480px) 150px\" src=\"https:\/\/ouestsysteme.com\/wp-content\/uploads\/2025\/09\/Radar-POHD-Porte-Sectionnelle-1024x952.jpg\" alt=\"\" class=\"uag-image-240\" width=\"3021\" height=\"2810\" title=\"Radar POHD Porte Sectionnelle\" loading=\"lazy\" role=\"img\"\/><\/figure><\/div>\n\n\n\n<div class=\"wp-block-uagb-image uagb-block-2728a2ed wp-block-uagb-image--layout-default wp-block-uagb-image--effect-static wp-block-uagb-image--align-none\"><figure class=\"wp-block-uagb-image__figure\"><img decoding=\"async\" srcset=\"https:\/\/ouestsysteme.com\/wp-content\/uploads\/2025\/09\/Ensemble-Neo-Clavier-Sirene-576x1024.jpg ,https:\/\/ouestsysteme.com\/wp-content\/uploads\/2025\/09\/Ensemble-Neo-Clavier-Sirene-scaled.jpg 780w, https:\/\/ouestsysteme.com\/wp-content\/uploads\/2025\/09\/Ensemble-Neo-Clavier-Sirene-scaled.jpg 360w\" sizes=\"auto, (max-width: 480px) 150px\" src=\"https:\/\/ouestsysteme.com\/wp-content\/uploads\/2025\/09\/Ensemble-Neo-Clavier-Sirene-576x1024.jpg\" alt=\"\" class=\"uag-image-242\" width=\"2112\" height=\"3753\" title=\"Ensemble Neo Clavier Sirene\" loading=\"lazy\" role=\"img\"\/><\/figure><\/div>\n\n\n\n<div class=\"wp-block-uagb-image uagb-block-ba9382b0 wp-block-uagb-image--layout-default wp-block-uagb-image--effect-static wp-block-uagb-image--align-none\"><figure class=\"wp-block-uagb-image__figure\"><img decoding=\"async\" srcset=\"https:\/\/ouestsysteme.com\/wp-content\/uploads\/2025\/09\/Sirene-Interne-1024x702.jpg ,https:\/\/ouestsysteme.com\/wp-content\/uploads\/2025\/09\/Sirene-Interne.jpg 780w, https:\/\/ouestsysteme.com\/wp-content\/uploads\/2025\/09\/Sirene-Interne.jpg 360w\" sizes=\"auto, (max-width: 480px) 150px\" src=\"https:\/\/ouestsysteme.com\/wp-content\/uploads\/2025\/09\/Sirene-Interne-1024x702.jpg\" alt=\"\" class=\"uag-image-243\" width=\"1884\" height=\"1292\" title=\"Sir\u00e8ne Interne\" loading=\"lazy\" role=\"img\"\/><\/figure><\/div>\n","protected":false},"excerpt":{"rendered":"<p>S\u00e9curit\u00e9 Anti-Intrusion Installation de syst\u00e8mes d&rsquo;alarme anti-intrusion ( centrale d&rsquo;alarme, d\u00e9tecteur de mouvement, d&rsquo;\u00e9tecteur d&rsquo;ouverture&#8230; ) Les diff\u00e9rents avantages :<\/p>\n","protected":false},"author":2,"featured_media":0,"parent":0,"menu_order":0,"comment_status":"closed","ping_status":"closed","template":"","meta":{"_uag_custom_page_level_css":"","site-sidebar-layout":"default","site-content-layout":"","ast-site-content-layout":"","site-content-style":"default","site-sidebar-style":"default","ast-global-header-display":"","ast-banner-title-visibility":"","ast-main-header-display":"","ast-hfb-above-header-display":"","ast-hfb-below-header-display":"","ast-hfb-mobile-header-display":"","site-post-title":"disabled","ast-breadcrumbs-content":"","ast-featured-img":"","footer-sml-layout":"","ast-disable-related-posts":"","theme-transparent-header-meta":"","adv-header-id-meta":"","stick-header-meta":"","header-above-stick-meta":"","header-main-stick-meta":"","header-below-stick-meta":"","astra-migrate-meta-layouts":"default","ast-page-background-enabled":"default","ast-page-background-meta":{"desktop":{"background-color":"var(--ast-global-color-5)","background-image":"","background-repeat":"repeat","background-position":"center center","background-size":"auto","background-attachment":"scroll","background-type":"","background-media":"","overlay-type":"","overlay-color":"","overlay-opacity":"","overlay-gradient":""},"tablet":{"background-color":"","background-image":"","background-repeat":"repeat","background-position":"center center","background-size":"auto","background-attachment":"scroll","background-type":"","background-media":"","overlay-type":"","overlay-color":"","overlay-opacity":"","overlay-gradient":""},"mobile":{"background-color":"","background-image":"","background-repeat":"repeat","background-position":"center center","background-size":"auto","background-attachment":"scroll","background-type":"","background-media":"","overlay-type":"","overlay-color":"","overlay-opacity":"","overlay-gradient":""}},"ast-content-background-meta":{"desktop":{"background-color":"var(--ast-global-color-4)","background-image":"","background-repeat":"repeat","background-position":"center center","background-size":"auto","background-attachment":"scroll","background-type":"","background-media":"","overlay-type":"","overlay-color":"","overlay-opacity":"","overlay-gradient":""},"tablet":{"background-color":"var(--ast-global-color-4)","background-image":"","background-repeat":"repeat","background-position":"center center","background-size":"auto","background-attachment":"scroll","background-type":"","background-media":"","overlay-type":"","overlay-color":"","overlay-opacity":"","overlay-gradient":""},"mobile":{"background-color":"var(--ast-global-color-4)","background-image":"","background-repeat":"repeat","background-position":"center center","background-size":"auto","background-attachment":"scroll","background-type":"","background-media":"","overlay-type":"","overlay-color":"","overlay-opacity":"","overlay-gradient":""}},"footnotes":""},"class_list":["post-101","page","type-page","status-publish","hentry"],"yoast_head":"<!-- This site is optimized with the Yoast SEO plugin v27.4 - https:\/\/yoast.com\/product\/yoast-seo-wordpress\/ -->\n<title>S\u00e9curit\u00e9 Anti-Intrusion - Ouest Systeme<\/title>\n<meta name=\"robots\" content=\"index, follow, max-snippet:-1, max-image-preview:large, max-video-preview:-1\" \/>\n<link rel=\"canonical\" href=\"https:\/\/ouestsysteme.com\/index.php\/securite-anti-intrusion\/\" \/>\n<meta property=\"og:locale\" content=\"fr_FR\" \/>\n<meta property=\"og:type\" content=\"article\" \/>\n<meta property=\"og:title\" content=\"S\u00e9curit\u00e9 Anti-Intrusion - Ouest Systeme\" \/>\n<meta property=\"og:description\" content=\"S\u00e9curit\u00e9 Anti-Intrusion Installation de syst\u00e8mes d&rsquo;alarme anti-intrusion ( centrale d&rsquo;alarme, d\u00e9tecteur de mouvement, d&rsquo;\u00e9tecteur d&rsquo;ouverture&#8230; ) Les diff\u00e9rents avantages :\" \/>\n<meta property=\"og:url\" content=\"https:\/\/ouestsysteme.com\/index.php\/securite-anti-intrusion\/\" \/>\n<meta property=\"og:site_name\" content=\"Ouest Systeme\" \/>\n<meta property=\"article:modified_time\" content=\"2025-09-04T08:48:38+00:00\" \/>\n<meta property=\"og:image\" content=\"https:\/\/ouestsysteme.com\/wp-content\/uploads\/2025\/05\/alarme-intrusion.png\" \/>\n\t<meta property=\"og:image:width\" content=\"1536\" \/>\n\t<meta property=\"og:image:height\" content=\"1024\" \/>\n\t<meta property=\"og:image:type\" content=\"image\/png\" \/>\n<meta name=\"twitter:card\" content=\"summary_large_image\" \/>\n<meta name=\"twitter:label1\" content=\"Dur\u00e9e de lecture estim\u00e9e\" \/>\n\t<meta name=\"twitter:data1\" content=\"2 minutes\" \/>\n<script type=\"application\/ld+json\" class=\"yoast-schema-graph\">{\"@context\":\"https:\\\/\\\/schema.org\",\"@graph\":[{\"@type\":\"WebPage\",\"@id\":\"https:\\\/\\\/ouestsysteme.com\\\/index.php\\\/securite-anti-intrusion\\\/\",\"url\":\"https:\\\/\\\/ouestsysteme.com\\\/index.php\\\/securite-anti-intrusion\\\/\",\"name\":\"S\u00e9curit\u00e9 Anti-Intrusion - Ouest Systeme\",\"isPartOf\":{\"@id\":\"https:\\\/\\\/ouestsysteme.com\\\/#website\"},\"primaryImageOfPage\":{\"@id\":\"https:\\\/\\\/ouestsysteme.com\\\/index.php\\\/securite-anti-intrusion\\\/#primaryimage\"},\"image\":{\"@id\":\"https:\\\/\\\/ouestsysteme.com\\\/index.php\\\/securite-anti-intrusion\\\/#primaryimage\"},\"thumbnailUrl\":\"https:\\\/\\\/ouestsysteme.com\\\/wp-content\\\/uploads\\\/2025\\\/05\\\/alarme-intrusion-1024x683.png\",\"datePublished\":\"2025-05-15T09:20:49+00:00\",\"dateModified\":\"2025-09-04T08:48:38+00:00\",\"breadcrumb\":{\"@id\":\"https:\\\/\\\/ouestsysteme.com\\\/index.php\\\/securite-anti-intrusion\\\/#breadcrumb\"},\"inLanguage\":\"fr-FR\",\"potentialAction\":[{\"@type\":\"ReadAction\",\"target\":[\"https:\\\/\\\/ouestsysteme.com\\\/index.php\\\/securite-anti-intrusion\\\/\"]}]},{\"@type\":\"ImageObject\",\"inLanguage\":\"fr-FR\",\"@id\":\"https:\\\/\\\/ouestsysteme.com\\\/index.php\\\/securite-anti-intrusion\\\/#primaryimage\",\"url\":\"https:\\\/\\\/ouestsysteme.com\\\/wp-content\\\/uploads\\\/2025\\\/05\\\/alarme-intrusion.png\",\"contentUrl\":\"https:\\\/\\\/ouestsysteme.com\\\/wp-content\\\/uploads\\\/2025\\\/05\\\/alarme-intrusion.png\",\"width\":1536,\"height\":1024},{\"@type\":\"BreadcrumbList\",\"@id\":\"https:\\\/\\\/ouestsysteme.com\\\/index.php\\\/securite-anti-intrusion\\\/#breadcrumb\",\"itemListElement\":[{\"@type\":\"ListItem\",\"position\":1,\"name\":\"Accueil\",\"item\":\"https:\\\/\\\/ouestsysteme.com\\\/\"},{\"@type\":\"ListItem\",\"position\":2,\"name\":\"S\u00e9curit\u00e9 Anti-Intrusion\"}]},{\"@type\":\"WebSite\",\"@id\":\"https:\\\/\\\/ouestsysteme.com\\\/#website\",\"url\":\"https:\\\/\\\/ouestsysteme.com\\\/\",\"name\":\"Ouest Systeme\",\"description\":\"\",\"potentialAction\":[{\"@type\":\"SearchAction\",\"target\":{\"@type\":\"EntryPoint\",\"urlTemplate\":\"https:\\\/\\\/ouestsysteme.com\\\/?s={search_term_string}\"},\"query-input\":{\"@type\":\"PropertyValueSpecification\",\"valueRequired\":true,\"valueName\":\"search_term_string\"}}],\"inLanguage\":\"fr-FR\"}]}<\/script>\n<!-- \/ Yoast SEO plugin. -->","yoast_head_json":{"title":"S\u00e9curit\u00e9 Anti-Intrusion - Ouest Systeme","robots":{"index":"index","follow":"follow","max-snippet":"max-snippet:-1","max-image-preview":"max-image-preview:large","max-video-preview":"max-video-preview:-1"},"canonical":"https:\/\/ouestsysteme.com\/index.php\/securite-anti-intrusion\/","og_locale":"fr_FR","og_type":"article","og_title":"S\u00e9curit\u00e9 Anti-Intrusion - Ouest Systeme","og_description":"S\u00e9curit\u00e9 Anti-Intrusion Installation de syst\u00e8mes d&rsquo;alarme anti-intrusion ( centrale d&rsquo;alarme, d\u00e9tecteur de mouvement, d&rsquo;\u00e9tecteur d&rsquo;ouverture&#8230; ) Les diff\u00e9rents avantages :","og_url":"https:\/\/ouestsysteme.com\/index.php\/securite-anti-intrusion\/","og_site_name":"Ouest Systeme","article_modified_time":"2025-09-04T08:48:38+00:00","og_image":[{"width":1536,"height":1024,"url":"https:\/\/ouestsysteme.com\/wp-content\/uploads\/2025\/05\/alarme-intrusion.png","type":"image\/png"}],"twitter_card":"summary_large_image","twitter_misc":{"Dur\u00e9e de lecture estim\u00e9e":"2 minutes"},"schema":{"@context":"https:\/\/schema.org","@graph":[{"@type":"WebPage","@id":"https:\/\/ouestsysteme.com\/index.php\/securite-anti-intrusion\/","url":"https:\/\/ouestsysteme.com\/index.php\/securite-anti-intrusion\/","name":"S\u00e9curit\u00e9 Anti-Intrusion - Ouest Systeme","isPartOf":{"@id":"https:\/\/ouestsysteme.com\/#website"},"primaryImageOfPage":{"@id":"https:\/\/ouestsysteme.com\/index.php\/securite-anti-intrusion\/#primaryimage"},"image":{"@id":"https:\/\/ouestsysteme.com\/index.php\/securite-anti-intrusion\/#primaryimage"},"thumbnailUrl":"https:\/\/ouestsysteme.com\/wp-content\/uploads\/2025\/05\/alarme-intrusion-1024x683.png","datePublished":"2025-05-15T09:20:49+00:00","dateModified":"2025-09-04T08:48:38+00:00","breadcrumb":{"@id":"https:\/\/ouestsysteme.com\/index.php\/securite-anti-intrusion\/#breadcrumb"},"inLanguage":"fr-FR","potentialAction":[{"@type":"ReadAction","target":["https:\/\/ouestsysteme.com\/index.php\/securite-anti-intrusion\/"]}]},{"@type":"ImageObject","inLanguage":"fr-FR","@id":"https:\/\/ouestsysteme.com\/index.php\/securite-anti-intrusion\/#primaryimage","url":"https:\/\/ouestsysteme.com\/wp-content\/uploads\/2025\/05\/alarme-intrusion.png","contentUrl":"https:\/\/ouestsysteme.com\/wp-content\/uploads\/2025\/05\/alarme-intrusion.png","width":1536,"height":1024},{"@type":"BreadcrumbList","@id":"https:\/\/ouestsysteme.com\/index.php\/securite-anti-intrusion\/#breadcrumb","itemListElement":[{"@type":"ListItem","position":1,"name":"Accueil","item":"https:\/\/ouestsysteme.com\/"},{"@type":"ListItem","position":2,"name":"S\u00e9curit\u00e9 Anti-Intrusion"}]},{"@type":"WebSite","@id":"https:\/\/ouestsysteme.com\/#website","url":"https:\/\/ouestsysteme.com\/","name":"Ouest Systeme","description":"","potentialAction":[{"@type":"SearchAction","target":{"@type":"EntryPoint","urlTemplate":"https:\/\/ouestsysteme.com\/?s={search_term_string}"},"query-input":{"@type":"PropertyValueSpecification","valueRequired":true,"valueName":"search_term_string"}}],"inLanguage":"fr-FR"}]}},"uagb_featured_image_src":{"full":false,"thumbnail":false,"medium":false,"medium_large":false,"large":false,"1536x1536":false,"2048x2048":false},"uagb_author_info":{"display_name":"Wayath SENERET","author_link":"https:\/\/ouestsysteme.com\/index.php\/author\/wayath0510\/"},"uagb_comment_info":0,"uagb_excerpt":"S\u00e9curit\u00e9 Anti-Intrusion Installation de syst\u00e8mes d&rsquo;alarme anti-intrusion ( centrale d&rsquo;alarme, d\u00e9tecteur de mouvement, d&rsquo;\u00e9tecteur d&rsquo;ouverture&#8230; ) Les diff\u00e9rents avantages :","_links":{"self":[{"href":"https:\/\/ouestsysteme.com\/index.php\/wp-json\/wp\/v2\/pages\/101","targetHints":{"allow":["GET"]}}],"collection":[{"href":"https:\/\/ouestsysteme.com\/index.php\/wp-json\/wp\/v2\/pages"}],"about":[{"href":"https:\/\/ouestsysteme.com\/index.php\/wp-json\/wp\/v2\/types\/page"}],"author":[{"embeddable":true,"href":"https:\/\/ouestsysteme.com\/index.php\/wp-json\/wp\/v2\/users\/2"}],"replies":[{"embeddable":true,"href":"https:\/\/ouestsysteme.com\/index.php\/wp-json\/wp\/v2\/comments?post=101"}],"version-history":[{"count":8,"href":"https:\/\/ouestsysteme.com\/index.php\/wp-json\/wp\/v2\/pages\/101\/revisions"}],"predecessor-version":[{"id":244,"href":"https:\/\/ouestsysteme.com\/index.php\/wp-json\/wp\/v2\/pages\/101\/revisions\/244"}],"wp:attachment":[{"href":"https:\/\/ouestsysteme.com\/index.php\/wp-json\/wp\/v2\/media?parent=101"}],"curies":[{"name":"wp","href":"https:\/\/api.w.org\/{rel}","templated":true}]}}